{"id":178,"date":"2026-03-18T14:07:35","date_gmt":"2026-03-18T13:07:35","guid":{"rendered":"https:\/\/kacperkuzmierski.pl\/?page_id=178"},"modified":"2026-04-14T08:30:12","modified_gmt":"2026-04-14T06:30:12","slug":"o-mnie","status":"publish","type":"page","link":"https:\/\/kacperkuzmierski.pl\/?page_id=178","title":{"rendered":"O mnie"},"content":{"rendered":"\t\t<div data-elementor-type=\"wp-page\" data-elementor-id=\"178\" class=\"elementor elementor-178\" data-elementor-post-type=\"page\">\n\t\t\t\t\t\t<section class=\"elementor-section elementor-top-section elementor-element elementor-element-49927c2 elementor-section-full_width elementor-section-stretched elementor-section-content-middle elementor-section-height-default elementor-section-height-default\" data-id=\"49927c2\" data-element_type=\"section\" data-e-type=\"section\" data-settings=\"{&quot;stretch_section&quot;:&quot;section-stretched&quot;}\">\n\t\t\t\t\t\t<div class=\"elementor-container elementor-column-gap-default\">\n\t\t\t\t\t<div class=\"elementor-column elementor-col-50 elementor-top-column elementor-element elementor-element-bbad1e0\" data-id=\"bbad1e0\" data-element_type=\"column\" data-e-type=\"column\">\n\t\t\t<div class=\"elementor-widget-wrap elementor-element-populated\">\n\t\t\t\t\t\t<div class=\"elementor-element elementor-element-addc207 elementor-widget elementor-widget-heading\" data-id=\"addc207\" data-element_type=\"widget\" data-e-type=\"widget\" data-widget_type=\"heading.default\">\n\t\t\t\t\t<h1 class=\"elementor-heading-title elementor-size-default\">Tworz\u0119 strony internetowe, kt\u00f3re pracuj\u0105 dla Twojego biznesu<\/h1>\t\t\t\t<\/div>\n\t\t\t\t<div class=\"elementor-element elementor-element-1ba4ea3 elementor-widget elementor-widget-text-editor\" data-id=\"1ba4ea3\" data-element_type=\"widget\" data-e-type=\"widget\" data-widget_type=\"text-editor.default\">\n\t\t\t\t\t\t\t\t\t<p data-start=\"402\" data-end=\"545\">Tworz\u0119 dla Ciebie strony internetowe, kt\u00f3re nie tylko dobrze wygl\u0105daj\u0105, ale przede wszystkim pomagaj\u0105 zdobywa\u0107 klient\u00f3w i rozwija\u0107 Twoj\u0105 firm\u0119.<\/p><p data-start=\"547\" data-end=\"851\">Zajmuj\u0119 si\u0119 tworzeniem stron internetowych na pe\u0142en etat, dzi\u0119ki czemu mo\u017cesz liczy\u0107 na pe\u0142ne zaanga\u017cowanie, profesjonalne podej\u015bcie i dopracowany efekt ko\u0144cowy. Ka\u017cdy projekt traktuj\u0119 indywidualnie \u2013 skupiam si\u0119 na tym, aby Twoja strona by\u0142a dopasowana do Twoich potrzeb i realnie wspiera\u0142a Tw\u00f3j biznes.<\/p>\t\t\t\t\t\t\t\t<\/div>\n\t\t\t\t<div class=\"elementor-element elementor-element-5a2270b elementor-widget elementor-widget-heading\" data-id=\"5a2270b\" data-element_type=\"widget\" data-e-type=\"widget\" data-widget_type=\"heading.default\">\n\t\t\t\t\t<h2 class=\"elementor-heading-title elementor-size-default\">Indywidualne podej\u015bcie do Twojej strony<\/h2>\t\t\t\t<\/div>\n\t\t\t\t<div class=\"elementor-element elementor-element-f2be3a2 elementor-widget elementor-widget-text-editor\" data-id=\"f2be3a2\" data-element_type=\"widget\" data-e-type=\"widget\" data-widget_type=\"text-editor.default\">\n\t\t\t\t\t\t\t\t\t<p data-start=\"940\" data-end=\"1135\">Zanim rozpoczn\u0119 projekt, dok\u0142adnie poznaj\u0119 Twoje oczekiwania, cele i grup\u0119 klient\u00f3w. Dzi\u0119ki temu tworz\u0119 stron\u0119 internetow\u0105, kt\u00f3ra nie jest przypadkowa \u2013 jest zaprojektowana specjalnie dla Ciebie.<\/p><p data-start=\"1137\" data-end=\"1273\">Moim celem jest stworzenie dla Ciebie strony, z kt\u00f3rej b\u0119dziesz w pe\u0142ni zadowolony i kt\u00f3ra b\u0119dzie skutecznie przyci\u0105ga\u0107 nowych klient\u00f3w.<\/p>\t\t\t\t\t\t\t\t<\/div>\n\t\t\t\t<div class=\"elementor-element elementor-element-e1a270f elementor-widget elementor-widget-heading\" data-id=\"e1a270f\" data-element_type=\"widget\" data-e-type=\"widget\" data-widget_type=\"heading.default\">\n\t\t\t\t\t<h2 class=\"elementor-heading-title elementor-size-default\">Strony internetowe dla klient\u00f3w z ca\u0142ej Polski<\/h2>\t\t\t\t<\/div>\n\t\t\t\t<div class=\"elementor-element elementor-element-d97e576 elementor-widget elementor-widget-text-editor\" data-id=\"d97e576\" data-element_type=\"widget\" data-e-type=\"widget\" data-widget_type=\"text-editor.default\">\n\t\t\t\t\t\t\t\t\t<p data-start=\"1797\" data-end=\"1974\">Wsp\u00f3\u0142pracuj\u0119 z klientami z ca\u0142ej Polski, pomagaj\u0105c im budowa\u0107 profesjonalny wizerunek w internecie i zdobywa\u0107 nowych klient\u00f3w dzi\u0119ki dobrze zaprojektowanej stronie internetowej.<\/p><p data-start=\"1976\" data-end=\"2079\">Niezale\u017cnie od tego, gdzie prowadzisz swoj\u0105 firm\u0119 \u2013 mog\u0119 stworzy\u0107 stron\u0119 dopasowan\u0105 do Twojego biznesu.<\/p>\t\t\t\t\t\t\t\t<\/div>\n\t\t\t\t<div class=\"elementor-element elementor-element-70e74ff elementor-widget elementor-widget-heading\" data-id=\"70e74ff\" data-element_type=\"widget\" data-e-type=\"widget\" data-widget_type=\"heading.default\">\n\t\t\t\t\t<h2 class=\"elementor-heading-title elementor-size-default\">Poza prac\u0105<\/h2>\t\t\t\t<\/div>\n\t\t\t\t<div class=\"elementor-element elementor-element-2f7e24a elementor-widget elementor-widget-text-editor\" data-id=\"2f7e24a\" data-element_type=\"widget\" data-e-type=\"widget\" data-widget_type=\"text-editor.default\">\n\t\t\t\t\t\t\t\t\t<p data-start=\"1797\" data-end=\"1974\">Poza tworzeniem stron internetowych lubi\u0119 gra\u0107 w gry video i rozwi\u0105zywa\u0107 \u0142amig\u0142\u00f3wki. To w\u0142a\u015bnie zami\u0142owanie do analizy i rozwi\u0105zywania problem\u00f3w przek\u0142adam na swoj\u0105 prac\u0119 \u2013 szukaj\u0105c najlepszych rozwi\u0105za\u0144 dla Twojej strony i Twojego biznesu.<\/p>\t\t\t\t\t\t\t\t<\/div>\n\t\t\t\t\t<\/div>\n\t\t<\/div>\n\t\t\t\t<div class=\"elementor-column elementor-col-50 elementor-top-column elementor-element elementor-element-b73fe83\" data-id=\"b73fe83\" data-element_type=\"column\" data-e-type=\"column\">\n\t\t\t<div class=\"elementor-widget-wrap elementor-element-populated\">\n\t\t\t\t\t\t<div class=\"elementor-element elementor-element-4fc5af9 elementor-widget__width-initial elementor-widget-laptop__width-initial elementor-widget elementor-widget-image\" data-id=\"4fc5af9\" data-element_type=\"widget\" data-e-type=\"widget\" data-widget_type=\"image.default\">\n\t\t\t\t\t\t\t\t\t\t\t\t\t\t\t<img fetchpriority=\"high\" decoding=\"async\" width=\"1114\" height=\"1933\" src=\"https:\/\/kacperkuzmierski.pl\/wp-content\/uploads\/2026\/04\/image-scaled-e1775015261229.png\" class=\"attachment-full size-full wp-image-1051\" alt=\"\" srcset=\"https:\/\/kacperkuzmierski.pl\/wp-content\/uploads\/2026\/04\/image-scaled-e1775015261229.png 1114w, https:\/\/kacperkuzmierski.pl\/wp-content\/uploads\/2026\/04\/image-scaled-e1775015261229-173x300.png 173w, https:\/\/kacperkuzmierski.pl\/wp-content\/uploads\/2026\/04\/image-scaled-e1775015261229-590x1024.png 590w, https:\/\/kacperkuzmierski.pl\/wp-content\/uploads\/2026\/04\/image-scaled-e1775015261229-768x1333.png 768w, https:\/\/kacperkuzmierski.pl\/wp-content\/uploads\/2026\/04\/image-scaled-e1775015261229-885x1536.png 885w\" sizes=\"(max-width: 1114px) 100vw, 1114px\" \/>\t\t\t\t\t\t\t\t\t\t\t\t\t\t\t<\/div>\n\t\t\t\t\t<\/div>\n\t\t<\/div>\n\t\t\t\t\t<\/div>\n\t\t<\/section>\n\t\t\t\t<section class=\"elementor-section elementor-top-section elementor-element elementor-element-b531ed4 elementor-section-boxed elementor-section-height-default elementor-section-height-default\" data-id=\"b531ed4\" data-element_type=\"section\" data-e-type=\"section\">\n\t\t\t\t\t\t<div class=\"elementor-container elementor-column-gap-default\">\n\t\t\t\t\t<div class=\"elementor-column elementor-col-100 elementor-top-column elementor-element elementor-element-7f811dc\" data-id=\"7f811dc\" data-element_type=\"column\" data-e-type=\"column\">\n\t\t\t<div class=\"elementor-widget-wrap elementor-element-populated\">\n\t\t\t\t\t\t<div class=\"elementor-element elementor-element-3a7c68d elementor-widget elementor-widget-heading\" data-id=\"3a7c68d\" data-element_type=\"widget\" data-e-type=\"widget\" data-widget_type=\"heading.default\">\n\t\t\t\t\t<h2 class=\"elementor-heading-title elementor-size-default\">Chcesz stworzy\u0107 stron\u0119 internetow\u0105 dla siebie?\nSkontaktuj si\u0119 ze mn\u0105 i zobacz, jak mog\u0119 pom\u00f3c Twojej firmie.<\/h2>\t\t\t\t<\/div>\n\t\t\t\t\t<\/div>\n\t\t<\/div>\n\t\t\t\t\t<\/div>\n\t\t<\/section>\n\t\t\t\t<\/div>\n\t\t","protected":false},"excerpt":{"rendered":"<p>Tworz\u0119 strony internetowe, kt\u00f3re pracuj\u0105 dla Twojego biznesu Tworz\u0119 dla Ciebie strony internetowe, kt\u00f3re nie tylko dobrze wygl\u0105daj\u0105, ale przede [&hellip;]<\/p>\n","protected":false},"author":1,"featured_media":0,"parent":0,"menu_order":0,"comment_status":"closed","ping_status":"closed","template":"","meta":{"site-sidebar-layout":"no-sidebar","site-content-layout":"","ast-site-content-layout":"full-width-container","site-content-style":"default","site-sidebar-style":"default","ast-global-header-display":"","ast-banner-title-visibility":"","ast-main-header-display":"","ast-hfb-above-header-display":"","ast-hfb-below-header-display":"","ast-hfb-mobile-header-display":"","site-post-title":"disabled","ast-breadcrumbs-content":"","ast-featured-img":"disabled","footer-sml-layout":"","ast-disable-related-posts":"","theme-transparent-header-meta":"","adv-header-id-meta":"","stick-header-meta":"","header-above-stick-meta":"","header-main-stick-meta":"","header-below-stick-meta":"","astra-migrate-meta-layouts":"default","ast-page-background-enabled":"default","ast-page-background-meta":{"desktop":{"background-color":"var(--ast-global-color-5)","background-image":"","background-repeat":"repeat","background-position":"center center","background-size":"auto","background-attachment":"scroll","background-type":"","background-media":"","overlay-type":"","overlay-color":"","overlay-opacity":"","overlay-gradient":""},"tablet":{"background-color":"","background-image":"","background-repeat":"repeat","background-position":"center center","background-size":"auto","background-attachment":"scroll","background-type":"","background-media":"","overlay-type":"","overlay-color":"","overlay-opacity":"","overlay-gradient":""},"mobile":{"background-color":"","background-image":"","background-repeat":"repeat","background-position":"center center","background-size":"auto","background-attachment":"scroll","background-type":"","background-media":"","overlay-type":"","overlay-color":"","overlay-opacity":"","overlay-gradient":""}},"ast-content-background-meta":{"desktop":{"background-color":"var(--ast-global-color-4)","background-image":"","background-repeat":"repeat","background-position":"center center","background-size":"auto","background-attachment":"scroll","background-type":"","background-media":"","overlay-type":"","overlay-color":"","overlay-opacity":"","overlay-gradient":""},"tablet":{"background-color":"var(--ast-global-color-4)","background-image":"","background-repeat":"repeat","background-position":"center center","background-size":"auto","background-attachment":"scroll","background-type":"","background-media":"","overlay-type":"","overlay-color":"","overlay-opacity":"","overlay-gradient":""},"mobile":{"background-color":"var(--ast-global-color-4)","background-image":"","background-repeat":"repeat","background-position":"center center","background-size":"auto","background-attachment":"scroll","background-type":"","background-media":"","overlay-type":"","overlay-color":"","overlay-opacity":"","overlay-gradient":""}},"footnotes":""},"class_list":["post-178","page","type-page","status-publish","hentry"],"_links":{"self":[{"href":"https:\/\/kacperkuzmierski.pl\/index.php?rest_route=\/wp\/v2\/pages\/178","targetHints":{"allow":["GET"]}}],"collection":[{"href":"https:\/\/kacperkuzmierski.pl\/index.php?rest_route=\/wp\/v2\/pages"}],"about":[{"href":"https:\/\/kacperkuzmierski.pl\/index.php?rest_route=\/wp\/v2\/types\/page"}],"author":[{"embeddable":true,"href":"https:\/\/kacperkuzmierski.pl\/index.php?rest_route=\/wp\/v2\/users\/1"}],"replies":[{"embeddable":true,"href":"https:\/\/kacperkuzmierski.pl\/index.php?rest_route=%2Fwp%2Fv2%2Fcomments&post=178"}],"version-history":[{"count":12,"href":"https:\/\/kacperkuzmierski.pl\/index.php?rest_route=\/wp\/v2\/pages\/178\/revisions"}],"predecessor-version":[{"id":1316,"href":"https:\/\/kacperkuzmierski.pl\/index.php?rest_route=\/wp\/v2\/pages\/178\/revisions\/1316"}],"wp:attachment":[{"href":"https:\/\/kacperkuzmierski.pl\/index.php?rest_route=%2Fwp%2Fv2%2Fmedia&parent=178"}],"curies":[{"name":"wp","href":"https:\/\/api.w.org\/{rel}","templated":true}]}}